{"id":9932,"date":"2025-02-10T13:41:56","date_gmt":"2025-02-10T13:41:56","guid":{"rendered":"https:\/\/insightland.org\/?page_id=9932"},"modified":"2026-03-23T13:36:33","modified_gmt":"2026-03-23T13:36:33","slug":"kontakt-ai-search","status":"publish","type":"page","link":"https:\/\/insightland.org\/pl\/kontakt-ai-search\/","title":{"rendered":"Kontakt AI Search"},"content":{"rendered":"<section class=\"contact-form block-theme--white container--normal block-pb--none block-pt--none\">\n\t\t\t\t\t<style>.contact-form{background-color:var(--wp--preset--color--light);overflow:hidden;position:relative;max-width:1920px;margin:auto}@media(min-width: 992px){.contact-form{min-height:calc(100vh - 80px)}}.contact-form .container{position:relative;display:flex;flex-direction:column;justify-content:flex-start;z-index:1}@media(min-width: 993px){.contact-form .container{align-items:flex-end}}.contact-form__bg{height:auto;position:absolute}.contact-form__bg img{width:100%;max-width:540px;height:100%;object-fit:contain;object-position:center bottom}@media(max-width: 991px){.contact-form__bg{display:none}}.contact-form__wrapper{padding-top:var(--wp--preset--spacing--xlarge);padding-bottom:var(--wp--preset--spacing--huge)}@media(min-width: 993px){.contact-form__wrapper{max-width:57.1428571429%}}.contact-form__title{margin-bottom:var(--wp--preset--spacing--6)}.contact-form__text{margin-bottom:var(--wp--preset--spacing--large)}form.wpcf7-form .wpcf7-form-control-wrap{display:block;margin-bottom:var(--wp--preset--spacing--xsmall)}form.wpcf7-form .wpcf7-form-control-wrap:nth-last-of-type(2){margin-bottom:var(--wp--preset--spacing--medium)}@media(max-width: 767px){form.wpcf7-form .wpcf7-submit{width:100%}}form.wpcf7-form input[type=text],form.wpcf7-form input[type=email],form.wpcf7-form textarea{width:100%;padding:12px 16px;font-size:var(--wp--preset--font-size--medium);border:1px solid #c8c9cc;border-radius:8px}form.wpcf7-form input[type=text]:focus,form.wpcf7-form input[type=text]:active,form.wpcf7-form input[type=text]:hover,form.wpcf7-form input[type=email]:focus,form.wpcf7-form input[type=email]:active,form.wpcf7-form input[type=email]:hover,form.wpcf7-form textarea:focus,form.wpcf7-form textarea:active,form.wpcf7-form textarea:hover{border-color:var(--wp--preset--color--dark-600);outline:4px solid #ebedf0 !important;box-shadow:0 0 0 4px #ebedf0;box-shadow:0 1px 2px 0 #d5d6d9}form.wpcf7-form input[type=text].wpcf7-not-valid,form.wpcf7-form input[type=email].wpcf7-not-valid,form.wpcf7-form textarea.wpcf7-not-valid{border-color:#fc7482;background-position:calc(100% - 14px) center;background-image:url(https:\/\/insightland.org\/app\/themes\/insightland\/assets\/images..\/..\/..\/assets\/images\/svg\/error.svg);background-size:16px 16px;background-repeat:no-repeat}form.wpcf7-form input[type=text].wpcf7-not-valid:focus,form.wpcf7-form input[type=text].wpcf7-not-valid:active,form.wpcf7-form input[type=text].wpcf7-not-valid:hover,form.wpcf7-form input[type=email].wpcf7-not-valid:focus,form.wpcf7-form input[type=email].wpcf7-not-valid:active,form.wpcf7-form input[type=email].wpcf7-not-valid:hover,form.wpcf7-form textarea.wpcf7-not-valid:focus,form.wpcf7-form textarea.wpcf7-not-valid:active,form.wpcf7-form textarea.wpcf7-not-valid:hover{outline:4px solid #fce5e7 !important}form.wpcf7-form textarea{resize:none;max-height:128px}form.wpcf7-form input[type=file]{width:100%;height:100%;position:absolute;opacity:0}form.wpcf7-form input[type=file]:hover+.wpcf7-file-box,form.wpcf7-form input[type=file]:focus+.wpcf7-file-box,form.wpcf7-form input[type=file]:active+.wpcf7-file-box{border-color:var(--wp--preset--color--dark-600);outline:4px solid #ebedf0 !important;box-shadow:0 0 0 4px #ebedf0;box-shadow:0 1px 2px 0 #d5d6d9}form.wpcf7-form input[type=checkbox]{position:absolute;opacity:0}form.wpcf7-form input[type=checkbox]:checked+.wpcf7-list-item-label:after{opacity:1}form.wpcf7-form input[type=checkbox]:checked+.wpcf7-list-item-label:before{border-color:var(--wp--preset--color--dark)}form.wpcf7-form input[type=checkbox]:hover+.wpcf7-list-item-label:before,form.wpcf7-form input[type=checkbox]:focus+.wpcf7-list-item-label:before{outline:4px solid #ebedf0 !important}form.wpcf7-form .wpcf7-submit svg{width:8.33px;height:8.33px;margin-left:11.83px}form.wpcf7-form .wpcf7-submit svg path{transition:stroke .3s ease-in-out}form.wpcf7-form .wpcf7-submit:hover svg path{stroke:var(--wp--preset--color--dark-600)}form.wpcf7-form .wpcf7-not-valid-tip{margin-top:6px;font-size:0.875rem;line-height:1.225rem;color:#d65663}form.wpcf7-form .wpcf7-file-box{display:flex;padding:12px 16px;border:1px solid #c8c9cc;border-radius:8px;gap:16px}form.wpcf7-form .wpcf7-file-box.--uploaded .wpcf7-file-box__delete{display:flex}form.wpcf7-form .wpcf7-file-box__icon{display:flex;align-items:center;justify-content:center;width:32px;height:32px;padding:8px;min-width:32px;border-radius:6px;background-color:#f2f3fc}form.wpcf7-form .wpcf7-file-box__text{display:flex;flex-direction:column;flex-grow:2;justify-content:center;gap:0.25rem}form.wpcf7-form .wpcf7-file-box__text span:first-child{font-size:0.8125rem;font-weight:500;line-height:0.975rem}form.wpcf7-form .wpcf7-file-box__text span:nth-child(2){font-size:0.75rem;font-weight:400;line-height:1.05rem}form.wpcf7-form .wpcf7-file-box__delete{display:none;align-items:center;gap:1rem}form.wpcf7-form .wpcf7-file-box__delete span{font-size:0.75rem;line-height:1.05rem;color:var(--wp--preset--color--dark-500)}form.wpcf7-form .wpcf7-file-box__delete button{display:flex;align-items:center;justify-content:center;width:32px;height:32px;padding:8px;min-width:32px;border:1px solid var(--wp--preset--color--light-200);border-radius:6px;z-index:1;cursor:pointer;background-color:rgba(0,0,0,0)}form.wpcf7-form .wpcf7-file-box__delete button:hover{border-color:var(--wp--preset--color--dark-600);outline:4px solid #ebedf0 !important}form.wpcf7-form .wpcf7-acceptance .wpcf7-list-item{margin:0}form.wpcf7-form .wpcf7-acceptance .wpcf7-list-item .wpcf7-list-item-label{display:block;padding-left:24px;position:relative;font-size:0.875rem;line-height:1.225rem;cursor:pointer}form.wpcf7-form .wpcf7-acceptance .wpcf7-list-item .wpcf7-list-item-label:before{content:\"\";width:16px;height:16px;position:absolute;top:2px;left:0;border:1px solid var(--wp--preset--color--light-400);border-radius:4px}form.wpcf7-form .wpcf7-acceptance .wpcf7-list-item .wpcf7-list-item-label:after{content:\"\";width:16px;height:16px;position:absolute;top:2px;left:0;background-position:center center;background-image:url(https:\/\/insightland.org\/app\/themes\/insightland\/assets\/images..\/..\/..\/assets\/images\/svg\/checkmark-b.svg);background-size:10px;background-repeat:no-repeat;opacity:0}form.wpcf7-form .wpcf7-response-output{display:flex;padding:12px 16px;border:1px solid #c8c9cc;border-radius:8px;margin:1.25rem 0 0 0}\n<\/style>\n\t\t\t\t\t<div class=\"contact-form__bg\">\n\t\t<img decoding=\"async\" width=\"1074\" height=\"1902\" src=\"https:\/\/insightland.org\/app\/uploads\/2024\/09\/deco-1.jpg\" class=\"attachment-full size-full\" alt=\"\" loading=\"lazy\" srcset=\"https:\/\/insightland.org\/app\/uploads\/2024\/09\/deco-1.jpg 1074w, https:\/\/insightland.org\/app\/uploads\/2024\/09\/deco-1-169x300.jpg 169w, https:\/\/insightland.org\/app\/uploads\/2024\/09\/deco-1-578x1024.jpg 578w, https:\/\/insightland.org\/app\/uploads\/2024\/09\/deco-1-768x1360.jpg 768w, https:\/\/insightland.org\/app\/uploads\/2024\/09\/deco-1-867x1536.jpg 867w, https:\/\/insightland.org\/app\/uploads\/2024\/09\/deco-1-215x380.jpg 215w, https:\/\/insightland.org\/app\/uploads\/2024\/09\/deco-1-34x60.jpg 34w, https:\/\/insightland.org\/app\/uploads\/2024\/09\/deco-1-192x340.jpg 192w, https:\/\/insightland.org\/app\/uploads\/2024\/09\/deco-1-600x1063.jpg 600w\" sizes=\"auto, (max-width: 1074px) 100vw, 1074px\" \/>\t<\/div>\n\t<div class=\"container\">\n\t\t<div class=\"contact-form__wrapper\">\n\t\t\t\t\t\t\t<h2 class=\"contact-form__title is-style-h3-style\">Odbierz darmowy audyt AI Search<\/h2>\n\t\t\t\t\t\t\t\t\t\t<div class=\"contact-form__text\"><p>Nasi eksperci przygotuj\u0105 dla Ciebie <strong>spersonalizowany raport,<\/strong> kt\u00f3ry poka\u017ce jak Twoja marka prezentuje si\u0119 ju\u017c w wynikach wyszukiwania generatywnego.<\/p>\n<p data-start=\"212\" data-end=\"425\">Otrzymasz wnioski i rekomendacje dopasowane do Twojego biznesu. Wystarczy, \u017ce podasz swoje dane i wybierzesz narz\u0119dzie &#8211; my zajmiemy si\u0119 reszt\u0105 i wkr\u00f3tce prze\u015blemy Ci szczeg\u00f3\u0142owy raport prosto na Twoj\u0105 skrzynk\u0119.<\/p>\n<div style=\"margin: 40px 0;display: flex;flex-wrap: wrap;gap: 40px;justify-content: center\">\n<p><img decoding=\"async\" style=\"display: block;max-height: 40px;max-width: 140px;width: auto;height: auto;margin-bottom: 10px\" src=\"https:\/\/insightland.org\/app\/uploads\/2025\/01\/copilot-logo-2-3-300x64.png\" alt=\"Copilot\" \/><\/p>\n<p><img decoding=\"async\" style=\"display: block;max-height: 40px;max-width: 140px;width: auto;height: auto;margin-bottom: 10px;object-fit: contain\" src=\"https:\/\/insightland.org\/app\/uploads\/2025\/01\/DuckDuckGo-Horizontal-White-Logo.wine-2-1-300x79.png\" alt=\"DuckDuckGo\" \/><\/p>\n<p><img decoding=\"async\" style=\"display: block;max-height: 40px;max-width: 140px;width: auto;height: auto;margin-bottom: 10px\" src=\"https:\/\/insightland.org\/app\/uploads\/2025\/01\/chat-logo-300x110.png\" alt=\"Chat Open AI\" \/><\/p>\n<p><img decoding=\"async\" style=\"display: block;max-height: 40px;max-width: 140px;width: auto;height: auto;margin-bottom: 10px\" src=\"https:\/\/insightland.org\/app\/uploads\/2025\/01\/Perplexity_AI_logo-1-300x72.png\" alt=\"Perplexity AI\" \/><\/p>\n<\/div>\n<\/div>\n\t\t\t\t\t\t\t\t\t\t\n<div class=\"wpcf7 no-js\" id=\"wpcf7-f9954-o1\" lang=\"pl-PL\" dir=\"ltr\" data-wpcf7-id=\"9954\">\n<div class=\"screen-reader-response\"><p role=\"status\" aria-live=\"polite\" aria-atomic=\"true\"><\/p> <ul><\/ul><\/div>\n<form action=\"\/pl\/wp-json\/wp\/v2\/pages\/9932#wpcf7-f9954-o1\" method=\"post\" class=\"wpcf7-form init\" aria-label=\"Formularz kontaktowy\" novalidate=\"novalidate\" data-status=\"init\">\n<fieldset class=\"hidden-fields-container\"><input type=\"hidden\" name=\"_wpcf7\" value=\"9954\" \/><input type=\"hidden\" name=\"_wpcf7_version\" value=\"6.1.5\" \/><input type=\"hidden\" name=\"_wpcf7_locale\" value=\"pl_PL\" \/><input type=\"hidden\" name=\"_wpcf7_unit_tag\" value=\"wpcf7-f9954-o1\" \/><input type=\"hidden\" name=\"_wpcf7_container_post\" value=\"0\" \/><input type=\"hidden\" name=\"_wpcf7_posted_data_hash\" value=\"\" \/><input type=\"hidden\" name=\"_wpcf7_recaptcha_response\" value=\"\" \/>\n<\/fieldset>\n<span class=\"wpcf7-form-control-wrap\" data-name=\"full-name\"><input size=\"40\" maxlength=\"400\" class=\"wpcf7-form-control wpcf7-text\" aria-invalid=\"false\" placeholder=\"Imi\u0119 i nazwisko (opcjonalnie)\" value=\"\" type=\"text\" name=\"full-name\" \/><\/span>  \n\n<span class=\"wpcf7-form-control-wrap\" data-name=\"company-name\"><input size=\"40\" maxlength=\"400\" class=\"wpcf7-form-control wpcf7-text wpcf7-validates-as-required\" aria-required=\"true\" aria-invalid=\"false\" placeholder=\"Strona firmy\" value=\"\" type=\"text\" name=\"company-name\" \/><\/span>  \n\n<span class=\"wpcf7-form-control-wrap\" data-name=\"your-email\"><input size=\"40\" maxlength=\"400\" class=\"wpcf7-form-control wpcf7-email wpcf7-validates-as-required wpcf7-text wpcf7-validates-as-email\" aria-required=\"true\" aria-invalid=\"false\" placeholder=\"Adres email\" value=\"\" type=\"email\" name=\"your-email\" \/><\/span>  \n\n<span class=\"wpcf7-form-control-wrap\" data-name=\"hear-about-us\"><input size=\"40\" maxlength=\"400\" class=\"wpcf7-form-control wpcf7-text wpcf7-validates-as-required\" aria-required=\"true\" aria-invalid=\"false\" placeholder=\"Jak o nas us\u0142ysza\u0142e\u015b?\" value=\"\" type=\"text\" name=\"hear-about-us\" \/><\/span>\n\n<label>Wybierz narz\u0119dzie<\/label>\n<div style=\"margin: 20px 0;\">\n    <span class=\"wpcf7-form-control-wrap\" data-name=\"selected-tool\"><select class=\"wpcf7-form-control wpcf7-select wpcf7-validates-as-required\" aria-required=\"true\" aria-invalid=\"false\" name=\"selected-tool\"><option value=\"ChatGPT\">ChatGPT<\/option><option value=\"Claude\">Claude<\/option><option value=\"Copilot\">Copilot<\/option><option value=\"Perplexity\">Perplexity<\/option><option value=\"Gemini\">Gemini<\/option><\/select><\/span>\n<\/div>\n\n<span class=\"wpcf7-form-control-wrap\" data-name=\"acceptance-604\"><span class=\"wpcf7-form-control wpcf7-acceptance optional\"><span class=\"wpcf7-list-item\"><label><input type=\"checkbox\" name=\"acceptance-604\" value=\"1\" class=\"check-all\" aria-invalid=\"false\" \/><span class=\"wpcf7-list-item-label\">Zaznacz wszystkie<\/span><\/label><\/span><\/span><\/span>\n<span class=\"wpcf7-form-control-wrap\" data-name=\"acceptance-972\"><span class=\"wpcf7-form-control wpcf7-acceptance optional\"><span class=\"wpcf7-list-item\"><label><input type=\"checkbox\" name=\"acceptance-972\" value=\"1\" aria-invalid=\"false\" \/><span class=\"wpcf7-list-item-label\">Chc\u0119 otrzymywa\u0107 newsy bran\u017cowe, eksperckie porady i praktyczne wskaz\u00f3wki bezpo\u015brednio na m\u00f3j adres e-mail. Wiem, \u017ce mog\u0119 zrezygnowa\u0107 w dowolnym momencie.<\/span><\/label><\/span><\/span><\/span>\n<span class=\"wpcf7-form-control-wrap\" data-name=\"acceptance-337\"><span class=\"wpcf7-form-control wpcf7-acceptance\"><span class=\"wpcf7-list-item\"><label><input type=\"checkbox\" name=\"acceptance-337\" value=\"1\" aria-invalid=\"false\" \/><span class=\"wpcf7-list-item-label\">*Wyra\u017cam zgod\u0119 na przetwarzanie moich danych osobowych przez INSIGHTLAND Sp. z o.o. w celu przes\u0142ania raportu na podany adres e-mail. Zapozna\u0142em(-am) si\u0119 i akceptuj\u0119 tre\u015b\u0107 polityki prywatno\u015bci.<\/span><\/label><\/span><\/span><\/span>\n\n<button type=\"submit\" class=\"wpcf7-form-control wpcf7-submit wp-block-button__link has-spinner\" >Odbierz darmowy audyt <svg width=\"11\" height=\"11\" viewBox=\"0 0 11 11\" fill=\"none\" xmlns=\"http:\/\/www.w3.org\/2000\/svg\"><title>decoration<\/title>\n<path d=\"M1.8335 9.16659L10.1668 0.833252M10.1668 0.833252H1.8335M10.1668 0.833252V9.16659\" stroke=\"#FAFBFC\" stroke-width=\"1.67\" stroke-linecap=\"square\"\/>\n<\/svg><\/button><div class=\"wpcf7-response-output\" aria-hidden=\"true\"><\/div>\n<\/form>\n<\/div>\n\t\t\t\t\t<\/div>\n\t<\/div>\n<\/section>\n\n\n<section class=\"details-w-map block-theme--white container--normal block-pb--none block-pt--none\">\n\t\t\t\t\t<style>.details-w-map{position:relative;background-color:var(--wp--preset--color--light);overflow:hidden;padding:var(--wp--preset--spacing--huge) 0}.details-w-map .container{display:flex;flex-direction:column}@media(min-width: 992px){.details-w-map .container{flex-direction:row}}@media(min-width: 992px){.details-w-map .container{gap:0 7.1428571429%}}@media(min-width: 768px){.details-w-map__left{max-width:50%}}@media(min-width: 992px){.details-w-map__left{max-width:35.7142857143%}}.details-w-map__left h2{margin-bottom:var(--wp--preset--spacing--8)}.details-w-map__right{width:100%}@media(min-width: 768px){.details-w-map__right{max-width:50%}}@media(min-width: 992px){.details-w-map__right{max-width:57.1428571429%}}.details-w-map #map{height:100%;min-height:400px;filter:saturate(0)}.details-w-map__frame{padding:32px 24px;margin-bottom:var(--wp--preset--spacing--small)}@media(min-width: 576px){.details-w-map__frame{padding:32px}}.details-w-map__frame h3{margin-bottom:var(--wp--preset--spacing--xsmall)}.details-w-map__frame img{margin-bottom:var(--wp--preset--spacing--xsmall)}.details-w-map__frame p:not(:last-child){margin-bottom:var(--wp--preset--spacing--xsmall)}.details-w-map p{font-size:var(--wp--preset--font-size--medium)}\n<\/style>\n\t\t\t\t\n\t<div class=\"container\">\n\t\t<div class=\"details-w-map__left\">\n\t\t\t<h2 class=\"is-style-h4-style\">Dane kontaktowe<\/h2>\n\t\t\t<div class=\"details-w-map__frame\">\n\t\t\t\t<p>Insightland sp. z o.o.<br \/>\nul. Gen. W\u0142adys\u0142awa Sikorskiego 26<br \/>\n53-659 Wroc\u0142aw<\/p>\n<p>S\u0105d Rejonowy dla Wroc\u0142awia Fabrycznej<br \/>\nVI Wydzia\u0142 Gospodarczy KRS<\/p>\n<p>KRS: 0000885088<br \/>\nNIP: 8982263862<\/p>\n<p><a href=\"mailto:hello@insightland.org\">hello@insightland.org<\/a><br \/>\n<a href=\"tel:+48 609 260 036\">(+48) 609 260 036<\/a><\/p>\n\t\t\t<\/div>\n\t\t\t<div class=\"details-w-map__frame\">\n\t\t\t\t<h3 class=\"is-style-h5-style\">Jeste\u015bmy cz\u0119\u015bci\u0105 HEXE Capital<\/h3>\n\t\t\t\t<img decoding=\"async\" width=\"141\" height=\"64\" src=\"https:\/\/insightland.org\/app\/uploads\/2024\/09\/Hexe_Original_size-1.png\" class=\"attachment-full size-full\" alt=\"\" loading=\"lazy\" srcset=\"https:\/\/insightland.org\/app\/uploads\/2024\/09\/Hexe_Original_size-1.png 141w, https:\/\/insightland.org\/app\/uploads\/2024\/09\/Hexe_Original_size-1-60x27.png 60w\" sizes=\"auto, (max-width: 141px) 100vw, 141px\" \/>\t\t\t\t<div>\n\t\t\t\t\t<p>ul. Gen. W\u0142adys\u0142awa Sikorskiego 26<br \/>\n53-659 Wroc\u0142aw<\/p>\n\t\t\t\t<\/div>\n\t\t\t<\/div>\n\t\t<\/div>\n\t\t<div class=\"details-w-map__right\">\n\t\t\t<div id=\"map\"><\/div>\n\t\t<\/div>\n\t<\/div>\n<\/section>\n<script>\n\tfunction initMap() {\n\t\tvar uluru = {\n\t\t\tlat: 51.114614534778056,\n\t\t\tlng: 17.018809310115444\n\t\t};\n\t\t\/\/ 51.1005371,17.1155173,17\n\t\tvar args = {\n\t\t\tzoom: 17,\n\t\t\tcenter: uluru,\n\t\t\tmapTypeId: google.maps.MapTypeId.ROADMAP,\n\t\t\tdisableDefaultUI: true,\n\t\t\t\/\/ styles:\n\n\t\t};\n\t\tvar map = new google.maps.Map(document.getElementById('map'), args);\n\n\t\tvar marker = new google.maps.Marker({\n\t\t\tposition: uluru,\n\t\t\tmap: map,\n\t\t\t\/\/ icon: icon,\n\n\t\t});\n\n\t}\n<\/script>\n<script async defer src=\"https:\/\/maps.googleapis.com\/maps\/api\/js?key=AIzaSyAbiDTUPM3VmBnAK1SCUaWR35KQ9oUDGXg&#038;callback=initMap\">\n<\/script>\n","protected":false},"excerpt":{"rendered":"","protected":false},"author":30,"featured_media":8867,"parent":0,"menu_order":0,"comment_status":"closed","ping_status":"closed","template":"","meta":{"_acf_changed":false,"footnotes":""},"class_list":["post-9932","page","type-page","status-publish","has-post-thumbnail","hentry"],"acf":[],"yoast_head":"<!-- This site is optimized with the Yoast SEO plugin v26.9 - https:\/\/yoast.com\/product\/yoast-seo-wordpress\/ -->\n<title>Kontakt AI Search - Insightland<\/title>\n<meta name=\"robots\" content=\"index, follow, max-snippet:-1, max-image-preview:large, max-video-preview:-1\" \/>\n<link rel=\"canonical\" href=\"https:\/\/insightland.org\/pl\/kontakt-ai-search\/\" \/>\n<meta property=\"og:locale\" content=\"pl_PL\" \/>\n<meta property=\"og:type\" content=\"article\" \/>\n<meta property=\"og:title\" content=\"Kontakt AI Search - Insightland\" \/>\n<meta property=\"og:url\" content=\"https:\/\/insightland.org\/pl\/kontakt-ai-search\/\" \/>\n<meta property=\"og:site_name\" content=\"Insightland\" \/>\n<meta property=\"article:publisher\" content=\"https:\/\/www.facebook.com\/InsightlandSEO\/\" \/>\n<meta property=\"article:modified_time\" content=\"2026-03-23T13:36:33+00:00\" \/>\n<meta property=\"og:image\" content=\"https:\/\/insightland.org\/app\/uploads\/2024\/09\/Rectangle-679m0.png\" \/>\n\t<meta property=\"og:image:width\" content=\"1296\" \/>\n\t<meta property=\"og:image:height\" content=\"1296\" \/>\n\t<meta property=\"og:image:type\" content=\"image\/png\" \/>\n<meta name=\"twitter:card\" content=\"summary_large_image\" \/>\n<meta name=\"twitter:label1\" content=\"Est. reading time\" \/>\n\t<meta name=\"twitter:data1\" content=\"1 minute\" \/>\n<script type=\"application\/ld+json\" class=\"yoast-schema-graph\">{\"@context\":\"https:\/\/schema.org\",\"@graph\":[{\"@type\":\"WebPage\",\"@id\":\"https:\/\/insightland.org\/pl\/kontakt-ai-search\/\",\"url\":\"https:\/\/insightland.org\/pl\/kontakt-ai-search\/\",\"name\":\"Kontakt AI Search - Insightland\",\"isPartOf\":{\"@id\":\"https:\/\/insightland.org\/pl\/#website\"},\"primaryImageOfPage\":{\"@id\":\"https:\/\/insightland.org\/pl\/kontakt-ai-search\/#primaryimage\"},\"image\":{\"@id\":\"https:\/\/insightland.org\/pl\/kontakt-ai-search\/#primaryimage\"},\"thumbnailUrl\":\"https:\/\/insightland.org\/app\/uploads\/2024\/09\/Rectangle-679m0.png\",\"datePublished\":\"2025-02-10T13:41:56+00:00\",\"dateModified\":\"2026-03-23T13:36:33+00:00\",\"breadcrumb\":{\"@id\":\"https:\/\/insightland.org\/pl\/kontakt-ai-search\/#breadcrumb\"},\"inLanguage\":\"pl-PL\",\"potentialAction\":[{\"@type\":\"ReadAction\",\"target\":[\"https:\/\/insightland.org\/pl\/kontakt-ai-search\/\"]}]},{\"@type\":\"ImageObject\",\"inLanguage\":\"pl-PL\",\"@id\":\"https:\/\/insightland.org\/pl\/kontakt-ai-search\/#primaryimage\",\"url\":\"https:\/\/insightland.org\/app\/uploads\/2024\/09\/Rectangle-679m0.png\",\"contentUrl\":\"https:\/\/insightland.org\/app\/uploads\/2024\/09\/Rectangle-679m0.png\",\"width\":1296,\"height\":1296},{\"@type\":\"BreadcrumbList\",\"@id\":\"https:\/\/insightland.org\/pl\/kontakt-ai-search\/#breadcrumb\",\"itemListElement\":[{\"@type\":\"ListItem\",\"position\":1,\"name\":\"Insightland\",\"item\":\"https:\/\/insightland.org\/pl\/\"},{\"@type\":\"ListItem\",\"position\":2,\"name\":\"Kontakt AI Search\"}]},{\"@type\":\"WebSite\",\"@id\":\"https:\/\/insightland.org\/pl\/#website\",\"url\":\"https:\/\/insightland.org\/pl\/\",\"name\":\"Insightland\",\"description\":\"We are an international SEO company \u26a1 Our specialists create and implement SEO strategies to bring traffic to clients&#039; websites around the world \u2714\ufe0f Check! \u2714\ufe0f\",\"publisher\":{\"@id\":\"https:\/\/insightland.org\/pl\/#organization\"},\"potentialAction\":[{\"@type\":\"SearchAction\",\"target\":{\"@type\":\"EntryPoint\",\"urlTemplate\":\"https:\/\/insightland.org\/pl\/?s={search_term_string}\"},\"query-input\":{\"@type\":\"PropertyValueSpecification\",\"valueRequired\":true,\"valueName\":\"search_term_string\"}}],\"inLanguage\":\"pl-PL\"},{\"@type\":\"Organization\",\"@id\":\"https:\/\/insightland.org\/pl\/#organization\",\"name\":\"Insightland\",\"url\":\"https:\/\/insightland.org\/pl\/\",\"logo\":{\"@type\":\"ImageObject\",\"inLanguage\":\"pl-PL\",\"@id\":\"https:\/\/insightland.org\/pl\/#\/schema\/logo\/image\/\",\"url\":\"https:\/\/insightland.org\/app\/uploads\/2024\/08\/Logotype.svg\",\"contentUrl\":\"https:\/\/insightland.org\/app\/uploads\/2024\/08\/Logotype.svg\",\"width\":147,\"height\":20,\"caption\":\"Insightland\"},\"image\":{\"@id\":\"https:\/\/insightland.org\/pl\/#\/schema\/logo\/image\/\"},\"sameAs\":[\"https:\/\/www.facebook.com\/InsightlandSEO\/\",\"http:\/\/linkedin.com\/company\/insightland\",\"https:\/\/www.instagram.com\/insightland.seo.analytics\/\",\"https:\/\/clutch.co\/profile\/insightland#highlights\",\"https:\/\/www.wikidata.org\/wiki\/Q138642241\"]}]}<\/script>\n<!-- \/ Yoast SEO plugin. -->","yoast_head_json":{"title":"Kontakt AI Search - Insightland","robots":{"index":"index","follow":"follow","max-snippet":"max-snippet:-1","max-image-preview":"max-image-preview:large","max-video-preview":"max-video-preview:-1"},"canonical":"https:\/\/insightland.org\/pl\/kontakt-ai-search\/","og_locale":"pl_PL","og_type":"article","og_title":"Kontakt AI Search - Insightland","og_url":"https:\/\/insightland.org\/pl\/kontakt-ai-search\/","og_site_name":"Insightland","article_publisher":"https:\/\/www.facebook.com\/InsightlandSEO\/","article_modified_time":"2026-03-23T13:36:33+00:00","og_image":[{"width":1296,"height":1296,"url":"https:\/\/insightland.org\/app\/uploads\/2024\/09\/Rectangle-679m0.png","type":"image\/png"}],"twitter_card":"summary_large_image","twitter_misc":{"Est. reading time":"1 minute"},"schema":{"@context":"https:\/\/schema.org","@graph":[{"@type":"WebPage","@id":"https:\/\/insightland.org\/pl\/kontakt-ai-search\/","url":"https:\/\/insightland.org\/pl\/kontakt-ai-search\/","name":"Kontakt AI Search - Insightland","isPartOf":{"@id":"https:\/\/insightland.org\/pl\/#website"},"primaryImageOfPage":{"@id":"https:\/\/insightland.org\/pl\/kontakt-ai-search\/#primaryimage"},"image":{"@id":"https:\/\/insightland.org\/pl\/kontakt-ai-search\/#primaryimage"},"thumbnailUrl":"https:\/\/insightland.org\/app\/uploads\/2024\/09\/Rectangle-679m0.png","datePublished":"2025-02-10T13:41:56+00:00","dateModified":"2026-03-23T13:36:33+00:00","breadcrumb":{"@id":"https:\/\/insightland.org\/pl\/kontakt-ai-search\/#breadcrumb"},"inLanguage":"pl-PL","potentialAction":[{"@type":"ReadAction","target":["https:\/\/insightland.org\/pl\/kontakt-ai-search\/"]}]},{"@type":"ImageObject","inLanguage":"pl-PL","@id":"https:\/\/insightland.org\/pl\/kontakt-ai-search\/#primaryimage","url":"https:\/\/insightland.org\/app\/uploads\/2024\/09\/Rectangle-679m0.png","contentUrl":"https:\/\/insightland.org\/app\/uploads\/2024\/09\/Rectangle-679m0.png","width":1296,"height":1296},{"@type":"BreadcrumbList","@id":"https:\/\/insightland.org\/pl\/kontakt-ai-search\/#breadcrumb","itemListElement":[{"@type":"ListItem","position":1,"name":"Insightland","item":"https:\/\/insightland.org\/pl\/"},{"@type":"ListItem","position":2,"name":"Kontakt AI Search"}]},{"@type":"WebSite","@id":"https:\/\/insightland.org\/pl\/#website","url":"https:\/\/insightland.org\/pl\/","name":"Insightland","description":"We are an international SEO company \u26a1 Our specialists create and implement SEO strategies to bring traffic to clients&#039; websites around the world \u2714\ufe0f Check! \u2714\ufe0f","publisher":{"@id":"https:\/\/insightland.org\/pl\/#organization"},"potentialAction":[{"@type":"SearchAction","target":{"@type":"EntryPoint","urlTemplate":"https:\/\/insightland.org\/pl\/?s={search_term_string}"},"query-input":{"@type":"PropertyValueSpecification","valueRequired":true,"valueName":"search_term_string"}}],"inLanguage":"pl-PL"},{"@type":"Organization","@id":"https:\/\/insightland.org\/pl\/#organization","name":"Insightland","url":"https:\/\/insightland.org\/pl\/","logo":{"@type":"ImageObject","inLanguage":"pl-PL","@id":"https:\/\/insightland.org\/pl\/#\/schema\/logo\/image\/","url":"https:\/\/insightland.org\/app\/uploads\/2024\/08\/Logotype.svg","contentUrl":"https:\/\/insightland.org\/app\/uploads\/2024\/08\/Logotype.svg","width":147,"height":20,"caption":"Insightland"},"image":{"@id":"https:\/\/insightland.org\/pl\/#\/schema\/logo\/image\/"},"sameAs":["https:\/\/www.facebook.com\/InsightlandSEO\/","http:\/\/linkedin.com\/company\/insightland","https:\/\/www.instagram.com\/insightland.seo.analytics\/","https:\/\/clutch.co\/profile\/insightland#highlights","https:\/\/www.wikidata.org\/wiki\/Q138642241"]}]}},"_links":{"self":[{"href":"https:\/\/insightland.org\/pl\/wp-json\/wp\/v2\/pages\/9932","targetHints":{"allow":["GET"]}}],"collection":[{"href":"https:\/\/insightland.org\/pl\/wp-json\/wp\/v2\/pages"}],"about":[{"href":"https:\/\/insightland.org\/pl\/wp-json\/wp\/v2\/types\/page"}],"author":[{"embeddable":true,"href":"https:\/\/insightland.org\/pl\/wp-json\/wp\/v2\/users\/30"}],"replies":[{"embeddable":true,"href":"https:\/\/insightland.org\/pl\/wp-json\/wp\/v2\/comments?post=9932"}],"version-history":[{"count":3,"href":"https:\/\/insightland.org\/pl\/wp-json\/wp\/v2\/pages\/9932\/revisions"}],"predecessor-version":[{"id":10028,"href":"https:\/\/insightland.org\/pl\/wp-json\/wp\/v2\/pages\/9932\/revisions\/10028"}],"wp:featuredmedia":[{"embeddable":true,"href":"https:\/\/insightland.org\/pl\/wp-json\/wp\/v2\/media\/8867"}],"wp:attachment":[{"href":"https:\/\/insightland.org\/pl\/wp-json\/wp\/v2\/media?parent=9932"}],"curies":[{"name":"wp","href":"https:\/\/api.w.org\/{rel}","templated":true}]}}